{"id":16,"date":"2021-04-09T12:53:36","date_gmt":"2021-04-09T10:53:36","guid":{"rendered":"https:\/\/www.felicedellacorte.com\/?page_id=16"},"modified":"2021-04-16T17:10:01","modified_gmt":"2021-04-16T15:10:01","slug":"chi-sono","status":"publish","type":"page","link":"https:\/\/www.felicedellacorte.com\/index.php\/chi-sono\/","title":{"rendered":"Chi Sono"},"content":{"rendered":"\n<div class=\"wp-block-columns is-layout-flex wp-container-core-columns-is-layout-9d6595d7 wp-block-columns-is-layout-flex\">\n<div class=\"wp-block-column is-layout-flow wp-block-column-is-layout-flow\" style=\"flex-basis:33.33%\">\n<figure class=\"wp-block-image size-large\"><img loading=\"lazy\" decoding=\"async\" width=\"487\" height=\"709\" src=\"http:\/\/www.felicedellacorte.com\/wp-content\/uploads\/2021\/04\/guitar2.jpg\" alt=\"\" class=\"wp-image-17\" srcset=\"https:\/\/www.felicedellacorte.com\/wp-content\/uploads\/2021\/04\/guitar2.jpg 487w, https:\/\/www.felicedellacorte.com\/wp-content\/uploads\/2021\/04\/guitar2-206x300.jpg 206w\" sizes=\"auto, (max-width: 487px) 100vw, 487px\" \/><\/figure>\n<\/div>\n\n\n\n<div class=\"wp-block-column is-layout-flow wp-block-column-is-layout-flow\" style=\"flex-basis:66.66%\">\n<p>Luigi e Maria erano i miei genitori. Mia madre, persona fine e delicata, era la forma. Mio padre, semplice, aspetto rude e gesto essenziale, provato dalla guerra e dalle drammatiche avventure dei suoi genitori, la sostanza: un uomo.<\/p>\n\n\n\n<p>Sono nato a Napoli. Nascere in questa citt\u00e0 \u00e8 qualcosa che ti segna: Napoli \u00e8 una citt\u00e0 metafisica, un luogo dell\u2019anima.<\/p>\n\n\n\n<p>Un teatro a cielo aperto.<\/p>\n\n\n\n<p>Forse \u00e8 per questo che l\u2019amore per il teatro me lo sono trovato addosso quasi senza accorgermene, quando avevo gi\u00e0 avviato la mia vita in tutt\u2019altra direzione tra studio e lavoro.<\/p>\n\n\n\n<p>Ho cominciato per caso, quando ormai grande, mi sono trovato tra amici che giocavano a fare teatro ed ho sostituito momentaneamente un assente. Non ho pi\u00f9 smesso.<\/p>\n\n\n\n<p>Ho formato una compagnia (con Maria, Francesca, Mario, Giovanna, Romolo, Carolina, Gianfranco ed altri amici: come dimenticarlo?) che hanno sopportato l\u2019inizio, e non solo, del mio percorso. Il teatro di Eduardo \u00e8 stata la meravigliosa palestra ideale nella quale mi sono esercitato prima come attore e poi come regista.<\/p>\n\n\n\n<p>Mariantonietta e Luigi sono i miei figli. Hanno poppato, gattonato, dormito su piccole brande e sono cresciuti tra cantine, sale prova, teatri mentre l\u2019invasato genitore, con la complicit\u00e0 di sua moglie Maria, allestiva i suoi spettacoli che poi portava in giro dovunque ne avesse l\u2019opportunit\u00e0: dalla botte al grande teatro, in campi di calcio, hangar, scalinate monumentali.<\/p>\n\n\n\n<p>Con convinzione ho affrontato, come tanti in questo campo, difficolt\u00e0 economiche, logistiche, sociali e situazioni estreme con le quali ho affinato l\u2019abitudine ad utilizzare scenicamente i mezzi a disposizione, anche quando erano pochi o rappresentavano un ostacolo.<\/p>\n\n\n\n<p>Questo, insieme alla mia passione per la letteratura, ha contribuito al formarsi della mia concezione del teatro che, pi\u00f9 di qualsiasi altra cosa, ha bisogno dell\u2019idea che genera l\u2019emozione. Pur essendo convinto della forza delle diverse identit\u00e0 di questa arte, mi affascina la prospettiva di chi, come Grotowsky, ha professato fortemente l\u2019esigenza di ritrovare una ragion d\u2019essere del teatro che non pu\u00f2 limitarsi alla sola dimensione di spettacolo, caricando l\u2019esercizio teatrale di grandi responsabilit\u00e0, fino al punto che lo spettatore dovrebbe essere indotto alla conoscenza di se stesso ed alla perfetta sincerit\u00e0, rinnovando l\u2019uomo.<\/p>\n\n\n\n<p>Dopo tanti anni di esperienza, con Luciano, Enzo, Paolo e Salvatore, ristrutturando un ex cinema-teatro ad Ostia, abbiamo inaugurato nel 2005 un nuovo teatro, per il quale ho assunto la direzione artistica.<br>Il 30 settembre 2005 , in scena \u201cUn grande grido d\u2019amore\u201d di J. Balasko con Pamela Villoresi e Pietro Longhi (Pietro: mio spirito guida in questa avventura!\u2026), sotto lo sguardo commosso di Erminia, \u00e8 nato il \u201cTEATRO NINO MANFREDI\u201d, che nella programmazione si ispira alla filosofia di questo grande artista che amava definirsi \u201cun attore drammatico che recita con ironia\u201d. Oggi il Teatro NINO MANFREDI \u00e8 una importante realt\u00e0, sul cui palcoscenico si sono avvicendati grandi artisti e grandi opere che hanno generato infinite emozioni, ed \u00e8 orgoglio di noi tutti.<\/p>\n\n\n\n<p>Nell\u2019ottobre 2015 ho iniziato una nuova avventura aprendo il \u201cTEATRO MARCONI\u201d che spero diventi un nuovo punto di riferimento per chi ama il teatro.<\/p>\n\n\n\n<p>Nel 2019 sono stato eletto presidente di UTR (Unione dei Teatri di Roma), un\u2019associazione che riunisce le imprese e le associazioni culturali private dello spettacolo dal vivo, che ho fondato insieme a altri esponenti del settore.<\/p>\n\n\n\n<p>Due volte ho usato le parentesi per necessit\u00e0 di ricordare compagni di viaggio di assoluta importanza e quindi chiudo questa breve biografia citando Claudio Boccaccini, al quale sono legato da un necessario sodalizio artistico e complice di tanti spettacoli ma soprattutto amico fraterno, Silvia Brogi, Paolo Perinelli e Riccardo Barbera, tutte presenze diventate imprescindibili dalla mia esperienza teatrale e dalla mia vita.<\/p>\n<\/div>\n<\/div>\n","protected":false},"excerpt":{"rendered":"<p>Luigi e Maria erano i miei genitori. Mia madre, persona fine e delicata, era la forma. Mio padre, semplice, aspetto rude e gesto essenziale, provato dalla guerra e dalle drammatiche avventure dei suoi genitori, la sostanza: un uomo. Sono nato a Napoli. Nascere in questa citt\u00e0 \u00e8 qualcosa che ti<\/p>\n","protected":false},"author":1,"featured_media":0,"parent":0,"menu_order":0,"comment_status":"closed","ping_status":"closed","template":"","meta":{"_uag_custom_page_level_css":"","footnotes":""},"class_list":["post-16","page","type-page","status-publish","hentry"],"yoast_head":"<!-- This site is optimized with the Yoast SEO plugin v27.4 - https:\/\/yoast.com\/product\/yoast-seo-wordpress\/ -->\r\n<title>Chi Sono - Felice Della Corte<\/title>\r\n<meta name=\"robots\" content=\"index, follow, max-snippet:-1, max-image-preview:large, max-video-preview:-1\" \/>\r\n<link rel=\"canonical\" href=\"https:\/\/www.felicedellacorte.com\/index.php\/chi-sono\/\" \/>\r\n<meta property=\"og:locale\" content=\"it_IT\" \/>\r\n<meta property=\"og:type\" content=\"article\" \/>\r\n<meta property=\"og:title\" content=\"Chi Sono - Felice Della Corte\" \/>\r\n<meta property=\"og:description\" content=\"Luigi e Maria erano i miei genitori. Mia madre, persona fine e delicata, era la forma. Mio padre, semplice, aspetto rude e gesto essenziale, provato dalla guerra e dalle drammatiche avventure dei suoi genitori, la sostanza: un uomo. Sono nato a Napoli. Nascere in questa citt\u00e0 \u00e8 qualcosa che ti\" \/>\r\n<meta property=\"og:url\" content=\"https:\/\/www.felicedellacorte.com\/index.php\/chi-sono\/\" \/>\r\n<meta property=\"og:site_name\" content=\"Felice Della Corte\" \/>\r\n<meta property=\"article:modified_time\" content=\"2021-04-16T15:10:01+00:00\" \/>\r\n<meta property=\"og:image\" content=\"http:\/\/www.felicedellacorte.com\/wp-content\/uploads\/2021\/04\/guitar2.jpg\" \/>\r\n<meta name=\"twitter:card\" content=\"summary_large_image\" \/>\r\n<meta name=\"twitter:label1\" content=\"Tempo di lettura stimato\" \/>\n\t<meta name=\"twitter:data1\" content=\"3 minuti\" \/>\r\n<script type=\"application\/ld+json\" class=\"yoast-schema-graph\">{\"@context\":\"https:\\\/\\\/schema.org\",\"@graph\":[{\"@type\":\"WebPage\",\"@id\":\"https:\\\/\\\/www.felicedellacorte.com\\\/index.php\\\/chi-sono\\\/\",\"url\":\"https:\\\/\\\/www.felicedellacorte.com\\\/index.php\\\/chi-sono\\\/\",\"name\":\"Chi Sono - Felice Della Corte\",\"isPartOf\":{\"@id\":\"http:\\\/\\\/www.felicedellacorte.com\\\/#website\"},\"primaryImageOfPage\":{\"@id\":\"https:\\\/\\\/www.felicedellacorte.com\\\/index.php\\\/chi-sono\\\/#primaryimage\"},\"image\":{\"@id\":\"https:\\\/\\\/www.felicedellacorte.com\\\/index.php\\\/chi-sono\\\/#primaryimage\"},\"thumbnailUrl\":\"http:\\\/\\\/www.felicedellacorte.com\\\/wp-content\\\/uploads\\\/2021\\\/04\\\/guitar2.jpg\",\"datePublished\":\"2021-04-09T10:53:36+00:00\",\"dateModified\":\"2021-04-16T15:10:01+00:00\",\"breadcrumb\":{\"@id\":\"https:\\\/\\\/www.felicedellacorte.com\\\/index.php\\\/chi-sono\\\/#breadcrumb\"},\"inLanguage\":\"it-IT\",\"potentialAction\":[{\"@type\":\"ReadAction\",\"target\":[\"https:\\\/\\\/www.felicedellacorte.com\\\/index.php\\\/chi-sono\\\/\"]}]},{\"@type\":\"ImageObject\",\"inLanguage\":\"it-IT\",\"@id\":\"https:\\\/\\\/www.felicedellacorte.com\\\/index.php\\\/chi-sono\\\/#primaryimage\",\"url\":\"https:\\\/\\\/www.felicedellacorte.com\\\/wp-content\\\/uploads\\\/2021\\\/04\\\/guitar2.jpg\",\"contentUrl\":\"https:\\\/\\\/www.felicedellacorte.com\\\/wp-content\\\/uploads\\\/2021\\\/04\\\/guitar2.jpg\",\"width\":487,\"height\":709},{\"@type\":\"BreadcrumbList\",\"@id\":\"https:\\\/\\\/www.felicedellacorte.com\\\/index.php\\\/chi-sono\\\/#breadcrumb\",\"itemListElement\":[{\"@type\":\"ListItem\",\"position\":1,\"name\":\"Home\",\"item\":\"http:\\\/\\\/www.felicedellacorte.com\\\/\"},{\"@type\":\"ListItem\",\"position\":2,\"name\":\"Chi Sono\"}]},{\"@type\":\"WebSite\",\"@id\":\"http:\\\/\\\/www.felicedellacorte.com\\\/#website\",\"url\":\"http:\\\/\\\/www.felicedellacorte.com\\\/\",\"name\":\"Felice Della Corte\",\"description\":\"Attore e Regista Teatrale. \",\"potentialAction\":[{\"@type\":\"SearchAction\",\"target\":{\"@type\":\"EntryPoint\",\"urlTemplate\":\"http:\\\/\\\/www.felicedellacorte.com\\\/?s={search_term_string}\"},\"query-input\":{\"@type\":\"PropertyValueSpecification\",\"valueRequired\":true,\"valueName\":\"search_term_string\"}}],\"inLanguage\":\"it-IT\"}]}<\/script>\r\n<!-- \/ Yoast SEO plugin. -->","yoast_head_json":{"title":"Chi Sono - Felice Della Corte","robots":{"index":"index","follow":"follow","max-snippet":"max-snippet:-1","max-image-preview":"max-image-preview:large","max-video-preview":"max-video-preview:-1"},"canonical":"https:\/\/www.felicedellacorte.com\/index.php\/chi-sono\/","og_locale":"it_IT","og_type":"article","og_title":"Chi Sono - Felice Della Corte","og_description":"Luigi e Maria erano i miei genitori. Mia madre, persona fine e delicata, era la forma. Mio padre, semplice, aspetto rude e gesto essenziale, provato dalla guerra e dalle drammatiche avventure dei suoi genitori, la sostanza: un uomo. Sono nato a Napoli. Nascere in questa citt\u00e0 \u00e8 qualcosa che ti","og_url":"https:\/\/www.felicedellacorte.com\/index.php\/chi-sono\/","og_site_name":"Felice Della Corte","article_modified_time":"2021-04-16T15:10:01+00:00","og_image":[{"url":"http:\/\/www.felicedellacorte.com\/wp-content\/uploads\/2021\/04\/guitar2.jpg","type":"","width":"","height":""}],"twitter_card":"summary_large_image","twitter_misc":{"Tempo di lettura stimato":"3 minuti"},"schema":{"@context":"https:\/\/schema.org","@graph":[{"@type":"WebPage","@id":"https:\/\/www.felicedellacorte.com\/index.php\/chi-sono\/","url":"https:\/\/www.felicedellacorte.com\/index.php\/chi-sono\/","name":"Chi Sono - Felice Della Corte","isPartOf":{"@id":"http:\/\/www.felicedellacorte.com\/#website"},"primaryImageOfPage":{"@id":"https:\/\/www.felicedellacorte.com\/index.php\/chi-sono\/#primaryimage"},"image":{"@id":"https:\/\/www.felicedellacorte.com\/index.php\/chi-sono\/#primaryimage"},"thumbnailUrl":"http:\/\/www.felicedellacorte.com\/wp-content\/uploads\/2021\/04\/guitar2.jpg","datePublished":"2021-04-09T10:53:36+00:00","dateModified":"2021-04-16T15:10:01+00:00","breadcrumb":{"@id":"https:\/\/www.felicedellacorte.com\/index.php\/chi-sono\/#breadcrumb"},"inLanguage":"it-IT","potentialAction":[{"@type":"ReadAction","target":["https:\/\/www.felicedellacorte.com\/index.php\/chi-sono\/"]}]},{"@type":"ImageObject","inLanguage":"it-IT","@id":"https:\/\/www.felicedellacorte.com\/index.php\/chi-sono\/#primaryimage","url":"https:\/\/www.felicedellacorte.com\/wp-content\/uploads\/2021\/04\/guitar2.jpg","contentUrl":"https:\/\/www.felicedellacorte.com\/wp-content\/uploads\/2021\/04\/guitar2.jpg","width":487,"height":709},{"@type":"BreadcrumbList","@id":"https:\/\/www.felicedellacorte.com\/index.php\/chi-sono\/#breadcrumb","itemListElement":[{"@type":"ListItem","position":1,"name":"Home","item":"http:\/\/www.felicedellacorte.com\/"},{"@type":"ListItem","position":2,"name":"Chi Sono"}]},{"@type":"WebSite","@id":"http:\/\/www.felicedellacorte.com\/#website","url":"http:\/\/www.felicedellacorte.com\/","name":"Felice Della Corte","description":"Attore e Regista Teatrale. ","potentialAction":[{"@type":"SearchAction","target":{"@type":"EntryPoint","urlTemplate":"http:\/\/www.felicedellacorte.com\/?s={search_term_string}"},"query-input":{"@type":"PropertyValueSpecification","valueRequired":true,"valueName":"search_term_string"}}],"inLanguage":"it-IT"}]}},"uagb_featured_image_src":{"full":false,"thumbnail":false,"medium":false,"medium_large":false,"large":false,"1536x1536":false,"2048x2048":false,"polite-thumbnail-size":false,"polite-related-size":false,"polite-promo-post":false,"polite-related-post-thumbnails":false},"uagb_author_info":{"display_name":false,"author_link":"https:\/\/www.felicedellacorte.com\/index.php\/author\/davidc\/"},"uagb_comment_info":0,"uagb_excerpt":"Luigi e Maria erano i miei genitori. Mia madre, persona fine e delicata, era la forma. Mio padre, semplice, aspetto rude e gesto essenziale, provato dalla guerra e dalle drammatiche avventure dei suoi genitori, la sostanza: un uomo. Sono nato a Napoli. Nascere in questa citt\u00e0 \u00e8 qualcosa che ti","_links":{"self":[{"href":"https:\/\/www.felicedellacorte.com\/index.php\/wp-json\/wp\/v2\/pages\/16","targetHints":{"allow":["GET"]}}],"collection":[{"href":"https:\/\/www.felicedellacorte.com\/index.php\/wp-json\/wp\/v2\/pages"}],"about":[{"href":"https:\/\/www.felicedellacorte.com\/index.php\/wp-json\/wp\/v2\/types\/page"}],"author":[{"embeddable":true,"href":"https:\/\/www.felicedellacorte.com\/index.php\/wp-json\/wp\/v2\/users\/1"}],"replies":[{"embeddable":true,"href":"https:\/\/www.felicedellacorte.com\/index.php\/wp-json\/wp\/v2\/comments?post=16"}],"version-history":[{"count":3,"href":"https:\/\/www.felicedellacorte.com\/index.php\/wp-json\/wp\/v2\/pages\/16\/revisions"}],"predecessor-version":[{"id":422,"href":"https:\/\/www.felicedellacorte.com\/index.php\/wp-json\/wp\/v2\/pages\/16\/revisions\/422"}],"wp:attachment":[{"href":"https:\/\/www.felicedellacorte.com\/index.php\/wp-json\/wp\/v2\/media?parent=16"}],"curies":[{"name":"wp","href":"https:\/\/api.w.org\/{rel}","templated":true}]}}