{"id":347,"date":"2021-04-12T18:58:42","date_gmt":"2021-04-12T16:58:42","guid":{"rendered":"https:\/\/www.felicedellacorte.com\/?page_id=347"},"modified":"2024-12-11T23:42:20","modified_gmt":"2024-12-11T22:42:20","slug":"home","status":"publish","type":"page","link":"https:\/\/www.felicedellacorte.com\/","title":{"rendered":""},"content":{"rendered":"\n<p>Sono nato a Napoli. Nascere in questa citt\u00e0 \u00e8 qualcosa che ti segna: Napoli \u00e8 una citt\u00e0 metafisica, un luogo dell\u2019anima.<\/p>\n\n\n\n<p>Un teatro a cielo aperto.<\/p>\n\n\n\n<p>Forse \u00e8 per questo che l\u2019amore per il teatro me lo sono trovato addosso quasi senza accorgermene, quando avevo gi\u00e0 avviato la mia vita in tutt\u2019altra direzione tra studio e lavoro.<\/p>\n\n\n\n<p><a href=\"https:\/\/www.felicedellacorte.com\/index.php\/chi-sono\/\">leggi tutto&#8230;<\/a><\/p>\n\n\n\n<hr class=\"wp-block-separator has-css-opacity\"\/>\n\n\n\n<div class=\"wp-block-columns is-layout-flex wp-container-core-columns-is-layout-9d6595d7 wp-block-columns-is-layout-flex\">\n<div class=\"wp-block-column is-layout-flow wp-block-column-is-layout-flow\"><div class=\"wp-block-image\">\n<figure class=\"aligncenter size-large\"><a href=\"https:\/\/www.unioneteatriroma.it\/\" target=\"_blank\" rel=\"noopener\"><img loading=\"lazy\" decoding=\"async\" width=\"960\" height=\"579\" src=\"http:\/\/www.felicedellacorte.com\/wp-content\/uploads\/2021\/04\/utr.jpg\" alt=\"\" class=\"wp-image-392\" srcset=\"https:\/\/www.felicedellacorte.com\/wp-content\/uploads\/2021\/04\/utr.jpg 960w, https:\/\/www.felicedellacorte.com\/wp-content\/uploads\/2021\/04\/utr-300x181.jpg 300w, https:\/\/www.felicedellacorte.com\/wp-content\/uploads\/2021\/04\/utr-768x463.jpg 768w\" sizes=\"auto, (max-width: 960px) 100vw, 960px\" \/><\/a><\/figure>\n<\/div><\/div>\n\n\n\n<div class=\"wp-block-column is-layout-flow wp-block-column-is-layout-flow\">\n<figure class=\"wp-block-image size-large\"><a href=\"http:\/\/teatromarconi.it\/\" target=\"_blank\" rel=\"noopener\"><img loading=\"lazy\" decoding=\"async\" width=\"700\" height=\"356\" src=\"http:\/\/www.felicedellacorte.com\/wp-content\/uploads\/2021\/04\/logo_marconi.png\" alt=\"\" class=\"wp-image-396\" srcset=\"https:\/\/www.felicedellacorte.com\/wp-content\/uploads\/2021\/04\/logo_marconi.png 700w, https:\/\/www.felicedellacorte.com\/wp-content\/uploads\/2021\/04\/logo_marconi-300x153.png 300w\" sizes=\"auto, (max-width: 700px) 100vw, 700px\" \/><\/a><\/figure>\n<\/div>\n\n\n\n<div class=\"wp-block-column is-layout-flow wp-block-column-is-layout-flow\">\n<figure class=\"wp-block-image size-large\"><a href=\"https:\/\/www.teatroninomanfredi.it\/\" target=\"_blank\" rel=\"noopener\"><img loading=\"lazy\" decoding=\"async\" width=\"700\" height=\"356\" src=\"http:\/\/www.felicedellacorte.com\/wp-content\/uploads\/2021\/04\/logo_manfredi.png\" alt=\"\" class=\"wp-image-398\" srcset=\"https:\/\/www.felicedellacorte.com\/wp-content\/uploads\/2021\/04\/logo_manfredi.png 700w, https:\/\/www.felicedellacorte.com\/wp-content\/uploads\/2021\/04\/logo_manfredi-300x153.png 300w\" sizes=\"auto, (max-width: 700px) 100vw, 700px\" \/><\/a><\/figure>\n<\/div>\n<\/div>\n\n\n\n<hr class=\"wp-block-separator has-css-opacity\"\/>\n\n\n\n<h2 class=\"wp-block-heading\">ATTIVIT\u00c0 TEATRALE ULTIMO PERIODO<\/h2>\n\n\n\n<ul class=\"wp-block-list\">\n<li><strong>2025<\/strong> Miti (scritto, diretto e interpretato)<\/li>\n\n\n\n<li><strong>2024-2025<\/strong> Le vie del desiderio di Miguel del Arco (attore protagonista e regia)<\/li>\n\n\n\n<li><strong>2024<\/strong> La cena di Vermeer di Maria Letizia Compatangelo (attore e regia)<\/li>\n\n\n\n<li><strong>2023-2024<\/strong> I giganti della montagna di Luigi Pirandello (attore protagonista)<\/li>\n\n\n\n<li><strong>2022<\/strong> Pi\u00f9 vera del vero di Martial Courcier (attore protagonista e regia)<\/li>\n\n\n\n<li><strong>2021-2022<\/strong> Sottobanco di Domenico Starnone (attore protagonista con Gaia De Laurentiis)<\/li>\n\n\n\n<li><strong>2021<\/strong> Ma il cielo \u00e8 sempre pi\u00f9 blu di Claudio Boccaccini (attore protagonista)<\/li>\n\n\n\n<li><strong>2020-2021-2024<\/strong> Sei personaggi in cerca d\u2019autore di Luigi Pirandello (attore protagonista)<\/li>\n\n\n\n<li><strong>2019-2023<\/strong> L\u2019imparata di Roberto Iannucci (regia)<\/li>\n\n\n\n<li><strong>2019-2022<\/strong> Uscita d\u2019emergenza di Manlio Santanelli (attore protagonista con Roberto D\u2019Alessandro)<\/li>\n\n\n\n<li><strong>2019-2020<\/strong> Pi\u00f9 vera del vero di Martial Courcier (regia)<\/li>\n\n\n\n<li><strong>2019<\/strong> Tutto in famiglia di Murray Schisgal (attore protagonista e regia, con Marco Simeoli e Francesca Nunzi)<\/li>\n\n\n\n<li><strong>2018-2019-2021<\/strong> Il fu Mattia Pascal di Luigi Pirandello (attore protagonista)<\/li>\n\n\n\n<li><strong>2018-2019<\/strong> Tutta colpa del cuore di Cinzia Berni e Luca Nannini (attore protagonista e regia, con Tiziana Sensi)<\/li>\n\n\n\n<li><strong>2018-2019<\/strong> Il cappello di carta di Gianni Clementi (regia)<\/li>\n\n\n\n<li><strong>2018<\/strong> \u2026Se vabbe\u2019\u2026 di A. Bonanni e F. Di Renzo (regia)<\/li>\n\n\n\n<li><strong>2017-2018<\/strong> Il testimone di nozze di Jean-Luc Lemoine (attore protagonista e regia, con Siddharta Prestinari)<\/li>\n\n\n\n<li><strong>2017<\/strong> Cambiamo il mondo di Rosa A. Menduni e Roberto De Giorgi (attore protagonista con Stefano Ambrogi)<\/li>\n\n\n\n<li><strong>2016-2017-18-19<\/strong> Via col tempo di Grut &#8211; Gaetani &#8211; Fei (Regia)<\/li>\n\n\n\n<li><strong>2016-2017<\/strong> I coniugi di Eric Assous (attore protagonista)<\/li>\n\n\n\n<li><strong>2016-2017<\/strong> Cos\u00ec \u00e8 (se vi pare) di Luigi Pirandello (attore protagonista con Laura Lattuada, Pietro De Silva)<\/li>\n\n\n\n<li><strong>2015-2016<\/strong> Il padrone di casa di D. Esposito, R. Galli, G. Galli (attore protagonista)<\/li>\n\n\n\n<li><strong>2015<\/strong> Gli uccelli di Aristofane (attore protagonista con Roberto D\u2019Alessandro)<\/li>\n\n\n\n<li><strong>2014 <\/strong>Uomini separati di Rosario Galli (attore co-protagonista)<\/li>\n\n\n\n<li><strong>2014<\/strong> Pi\u00f9 vera del vero di Martial Courcier (attore protagonista con Giancarlo Ratti e Emy Bergamo)<\/li>\n\n\n\n<li><strong>2014<\/strong> La vecchia Singer di Gianni Clementi \u2013 (regia) 2015 Fiori d\u2019acciaio di Robert Harling (regia)<\/li>\n\n\n\n<li><strong>2014<\/strong> I fratelli di Publio Terenzio Afro (attore co-protagonista con Pietro Longhi)<\/li>\n\n\n\n<li><strong>2013-2014<\/strong> Picasso ha dormito qui di Robin Hawtorn (attore protagonista con Pietro De Silva)<\/li>\n\n\n\n<li><strong>2013<\/strong> Uomini sull&#8217;orlo di una crisi di nervi di Galli e Capone (attore co-protagonista)<\/li>\n\n\n\n<li><strong>2012<\/strong> Sedia sediola di Rosario Galli (attore protagonista con Nathalie Caldonazzo)<\/li>\n\n\n\n<li><strong>2012<\/strong> I soldi non servono a niente di Nino Marino (attore con Francesco Pannofino)<\/li>\n\n\n\n<li><strong>2011<\/strong> Il rompiballe di Francis Veber (attore protagonista con Pietro De Silva)<\/li>\n\n\n\n<li><strong>2011-12-13-14<\/strong> O di uno o di nessuno di Luigi Pirandello (attore protagonista 2010-16-17-18-19-20 Aspettando Godot di Samuel Beckett (attore protagonista con Pietro De Silva)<\/li>\n\n\n\n<li><strong>2010-2011<\/strong> Per il resto tutto bene di Stefano Satta Flores (attore protagonista con Loredana Cannata)<\/li>\n\n\n\n<li><strong>2010<\/strong> Come si rapina una banca di Samy Fayad (attore protagonista e regia)<\/li>\n\n\n\n<li><strong>2009-10-11<\/strong> Maschere nude di Luigi Pirandello (attore protagonista)<\/li>\n\n\n\n<li><strong>2008-09-10-11<\/strong> Una volta nella vita (regia)<\/li>\n\n\n\n<li><strong>2008-2009<\/strong> Sottobanco di Domenico Starnone (attore protagonista con Gaia De Laurentiis)<\/li>\n\n\n\n<li><strong>2007-12-13<\/strong> La parola ai giurati di Reginald Rose (attore protagonista)<\/li>\n<\/ul>\n\n\n\n<hr class=\"wp-block-separator has-css-opacity\"\/>\n\n\n<style type=\"text\/css\">\n#foogallery-gallery-404 .fg-image { width: 210px; }\n#foogallery-gallery-404 { --fg-gutter: 10px; }<\/style>\n\t\t\t<div class=\"foogallery foogallery-container foogallery-default foogallery-lightbox-foobox fg-center fg-default fg-ready fg-light fg-border-thin fg-shadow-outline fg-loading-default fg-loaded-fade-in fg-caption-hover fg-hover-fade fg-hover-zoom\" id=\"foogallery-gallery-404\" data-foogallery=\"{&quot;item&quot;:{&quot;showCaptionTitle&quot;:true,&quot;showCaptionDescription&quot;:true},&quot;lazy&quot;:true}\" style=\"--fg-title-line-clamp: 0; --fg-description-line-clamp: 0;\" >\n\t<div class=\"fg-item fg-type-image fg-idle\"><figure class=\"fg-item-inner\"><a href=\"https:\/\/www.felicedellacorte.com\/wp-content\/uploads\/2021\/04\/5-7.jpg\" data-attachment-id=\"264\" data-type=\"image\" class=\"fg-thumb\"><span class=\"fg-image-wrap\"><img decoding=\"async\" width=\"210\" height=\"210\" class=\"skip-lazy fg-image\" data-src-fg=\"https:\/\/www.felicedellacorte.com\/wp-content\/uploads\/cache\/2021\/04\/5-7\/-436915509.jpg\" src=\"data:image\/svg+xml,%3Csvg%20xmlns%3D%22http%3A%2F%2Fwww.w3.org%2F2000%2Fsvg%22%20width%3D%22210%22%20height%3D%22210%22%20viewBox%3D%220%200%20210%20210%22%3E%3C%2Fsvg%3E\" loading=\"eager\"><\/span><span class=\"fg-image-overlay\"><\/span><\/a><\/figure><div class=\"fg-loader\"><\/div><\/div><div class=\"fg-item fg-type-image fg-idle\"><figure class=\"fg-item-inner\"><a href=\"https:\/\/www.felicedellacorte.com\/wp-content\/uploads\/2021\/04\/4-6.jpg\" data-attachment-id=\"246\" data-type=\"image\" class=\"fg-thumb\"><span class=\"fg-image-wrap\"><img decoding=\"async\" width=\"210\" height=\"210\" class=\"skip-lazy fg-image\" data-src-fg=\"https:\/\/www.felicedellacorte.com\/wp-content\/uploads\/cache\/2021\/04\/4-6\/203825427.jpg\" src=\"data:image\/svg+xml,%3Csvg%20xmlns%3D%22http%3A%2F%2Fwww.w3.org%2F2000%2Fsvg%22%20width%3D%22210%22%20height%3D%22210%22%20viewBox%3D%220%200%20210%20210%22%3E%3C%2Fsvg%3E\" loading=\"eager\"><\/span><span class=\"fg-image-overlay\"><\/span><\/a><\/figure><div class=\"fg-loader\"><\/div><\/div><div class=\"fg-item fg-type-image fg-idle\"><figure class=\"fg-item-inner\"><a href=\"https:\/\/www.felicedellacorte.com\/wp-content\/uploads\/2021\/04\/5-4.jpg\" data-attachment-id=\"214\" data-type=\"image\" class=\"fg-thumb\"><span class=\"fg-image-wrap\"><img decoding=\"async\" width=\"210\" height=\"210\" class=\"skip-lazy fg-image\" data-src-fg=\"https:\/\/www.felicedellacorte.com\/wp-content\/uploads\/cache\/2021\/04\/5-4\/-718368593.jpg\" src=\"data:image\/svg+xml,%3Csvg%20xmlns%3D%22http%3A%2F%2Fwww.w3.org%2F2000%2Fsvg%22%20width%3D%22210%22%20height%3D%22210%22%20viewBox%3D%220%200%20210%20210%22%3E%3C%2Fsvg%3E\" loading=\"eager\"><\/span><span class=\"fg-image-overlay\"><\/span><\/a><\/figure><div class=\"fg-loader\"><\/div><\/div><div class=\"fg-item fg-type-image fg-idle\"><figure class=\"fg-item-inner\"><a href=\"https:\/\/www.felicedellacorte.com\/wp-content\/uploads\/2021\/04\/2-2.jpg\" data-attachment-id=\"185\" data-type=\"image\" class=\"fg-thumb\"><span class=\"fg-image-wrap\"><img decoding=\"async\" width=\"210\" height=\"210\" class=\"skip-lazy fg-image\" data-src-fg=\"https:\/\/www.felicedellacorte.com\/wp-content\/uploads\/cache\/2021\/04\/2-2\/-971564303.jpg\" src=\"data:image\/svg+xml,%3Csvg%20xmlns%3D%22http%3A%2F%2Fwww.w3.org%2F2000%2Fsvg%22%20width%3D%22210%22%20height%3D%22210%22%20viewBox%3D%220%200%20210%20210%22%3E%3C%2Fsvg%3E\" loading=\"eager\"><\/span><span class=\"fg-image-overlay\"><\/span><\/a><\/figure><div class=\"fg-loader\"><\/div><\/div><div class=\"fg-item fg-type-image fg-idle\"><figure class=\"fg-item-inner\"><a href=\"https:\/\/www.felicedellacorte.com\/wp-content\/uploads\/2021\/04\/17.jpg\" data-attachment-id=\"163\" data-type=\"image\" class=\"fg-thumb\"><span class=\"fg-image-wrap\"><img decoding=\"async\" width=\"210\" height=\"210\" class=\"skip-lazy fg-image\" data-src-fg=\"https:\/\/www.felicedellacorte.com\/wp-content\/uploads\/cache\/2021\/04\/17\/-346002610.jpg\" src=\"data:image\/svg+xml,%3Csvg%20xmlns%3D%22http%3A%2F%2Fwww.w3.org%2F2000%2Fsvg%22%20width%3D%22210%22%20height%3D%22210%22%20viewBox%3D%220%200%20210%20210%22%3E%3C%2Fsvg%3E\" loading=\"eager\"><\/span><span class=\"fg-image-overlay\"><\/span><\/a><\/figure><div class=\"fg-loader\"><\/div><\/div><div class=\"fg-item fg-type-image fg-idle\"><figure class=\"fg-item-inner\"><a href=\"https:\/\/www.felicedellacorte.com\/wp-content\/uploads\/2021\/04\/6.jpg\" data-attachment-id=\"152\" data-type=\"image\" class=\"fg-thumb\"><span class=\"fg-image-wrap\"><img decoding=\"async\" width=\"210\" height=\"210\" class=\"skip-lazy fg-image\" data-src-fg=\"https:\/\/www.felicedellacorte.com\/wp-content\/uploads\/cache\/2021\/04\/6\/1400883000.jpg\" src=\"data:image\/svg+xml,%3Csvg%20xmlns%3D%22http%3A%2F%2Fwww.w3.org%2F2000%2Fsvg%22%20width%3D%22210%22%20height%3D%22210%22%20viewBox%3D%220%200%20210%20210%22%3E%3C%2Fsvg%3E\" loading=\"eager\"><\/span><span class=\"fg-image-overlay\"><\/span><\/a><\/figure><div class=\"fg-loader\"><\/div><\/div><\/div>\n","protected":false},"excerpt":{"rendered":"<p>Sono nato a Napoli. Nascere in questa citt\u00e0 \u00e8 qualcosa che ti segna: Napoli \u00e8 una citt\u00e0 metafisica, un luogo dell\u2019anima. Un teatro a cielo aperto. Forse \u00e8 per questo che l\u2019amore per il teatro me lo sono trovato addosso quasi senza accorgermene, quando avevo gi\u00e0 avviato la mia vita<\/p>\n","protected":false},"author":1,"featured_media":0,"parent":0,"menu_order":0,"comment_status":"closed","ping_status":"closed","template":"","meta":{"_uag_custom_page_level_css":"","footnotes":""},"class_list":["post-347","page","type-page","status-publish","hentry"],"yoast_head":"<!-- This site is optimized with the Yoast SEO plugin v27.5 - https:\/\/yoast.com\/product\/yoast-seo-wordpress\/ -->\r\n<title>- Felice Della Corte<\/title>\r\n<meta name=\"robots\" content=\"index, follow, max-snippet:-1, max-image-preview:large, max-video-preview:-1\" \/>\r\n<link rel=\"canonical\" href=\"http:\/\/www.felicedellacorte.com\/\" \/>\r\n<meta property=\"og:locale\" content=\"it_IT\" \/>\r\n<meta property=\"og:type\" content=\"article\" \/>\r\n<meta property=\"og:title\" content=\"- Felice Della Corte\" \/>\r\n<meta property=\"og:description\" content=\"Sono nato a Napoli. Nascere in questa citt\u00e0 \u00e8 qualcosa che ti segna: Napoli \u00e8 una citt\u00e0 metafisica, un luogo dell\u2019anima. Un teatro a cielo aperto. Forse \u00e8 per questo che l\u2019amore per il teatro me lo sono trovato addosso quasi senza accorgermene, quando avevo gi\u00e0 avviato la mia vita\" \/>\r\n<meta property=\"og:url\" content=\"http:\/\/www.felicedellacorte.com\/\" \/>\r\n<meta property=\"og:site_name\" content=\"Felice Della Corte\" \/>\r\n<meta property=\"article:modified_time\" content=\"2024-12-11T22:42:20+00:00\" \/>\r\n<meta property=\"og:image\" content=\"http:\/\/www.felicedellacorte.com\/wp-content\/uploads\/2021\/04\/utr.jpg\" \/>\r\n<meta name=\"twitter:card\" content=\"summary_large_image\" \/>\r\n<meta name=\"twitter:label1\" content=\"Tempo di lettura stimato\" \/>\n\t<meta name=\"twitter:data1\" content=\"4 minuti\" \/>\r\n<script type=\"application\/ld+json\" class=\"yoast-schema-graph\">{\"@context\":\"https:\\\/\\\/schema.org\",\"@graph\":[{\"@type\":\"WebPage\",\"@id\":\"http:\\\/\\\/www.felicedellacorte.com\\\/\",\"url\":\"http:\\\/\\\/www.felicedellacorte.com\\\/\",\"name\":\"- Felice Della Corte\",\"isPartOf\":{\"@id\":\"http:\\\/\\\/www.felicedellacorte.com\\\/#website\"},\"primaryImageOfPage\":{\"@id\":\"http:\\\/\\\/www.felicedellacorte.com\\\/#primaryimage\"},\"image\":{\"@id\":\"http:\\\/\\\/www.felicedellacorte.com\\\/#primaryimage\"},\"thumbnailUrl\":\"http:\\\/\\\/www.felicedellacorte.com\\\/wp-content\\\/uploads\\\/2021\\\/04\\\/utr.jpg\",\"datePublished\":\"2021-04-12T16:58:42+00:00\",\"dateModified\":\"2024-12-11T22:42:20+00:00\",\"inLanguage\":\"it-IT\",\"potentialAction\":[{\"@type\":\"ReadAction\",\"target\":[\"http:\\\/\\\/www.felicedellacorte.com\\\/\"]}]},{\"@type\":\"ImageObject\",\"inLanguage\":\"it-IT\",\"@id\":\"http:\\\/\\\/www.felicedellacorte.com\\\/#primaryimage\",\"url\":\"https:\\\/\\\/www.felicedellacorte.com\\\/wp-content\\\/uploads\\\/2021\\\/04\\\/utr.jpg\",\"contentUrl\":\"https:\\\/\\\/www.felicedellacorte.com\\\/wp-content\\\/uploads\\\/2021\\\/04\\\/utr.jpg\",\"width\":960,\"height\":579},{\"@type\":\"WebSite\",\"@id\":\"http:\\\/\\\/www.felicedellacorte.com\\\/#website\",\"url\":\"http:\\\/\\\/www.felicedellacorte.com\\\/\",\"name\":\"Felice Della Corte\",\"description\":\"Attore e Regista Teatrale. \",\"potentialAction\":[{\"@type\":\"SearchAction\",\"target\":{\"@type\":\"EntryPoint\",\"urlTemplate\":\"http:\\\/\\\/www.felicedellacorte.com\\\/?s={search_term_string}\"},\"query-input\":{\"@type\":\"PropertyValueSpecification\",\"valueRequired\":true,\"valueName\":\"search_term_string\"}}],\"inLanguage\":\"it-IT\"}]}<\/script>\r\n<!-- \/ Yoast SEO plugin. -->","yoast_head_json":{"title":"- Felice Della Corte","robots":{"index":"index","follow":"follow","max-snippet":"max-snippet:-1","max-image-preview":"max-image-preview:large","max-video-preview":"max-video-preview:-1"},"canonical":"http:\/\/www.felicedellacorte.com\/","og_locale":"it_IT","og_type":"article","og_title":"- Felice Della Corte","og_description":"Sono nato a Napoli. Nascere in questa citt\u00e0 \u00e8 qualcosa che ti segna: Napoli \u00e8 una citt\u00e0 metafisica, un luogo dell\u2019anima. Un teatro a cielo aperto. Forse \u00e8 per questo che l\u2019amore per il teatro me lo sono trovato addosso quasi senza accorgermene, quando avevo gi\u00e0 avviato la mia vita","og_url":"http:\/\/www.felicedellacorte.com\/","og_site_name":"Felice Della Corte","article_modified_time":"2024-12-11T22:42:20+00:00","og_image":[{"url":"http:\/\/www.felicedellacorte.com\/wp-content\/uploads\/2021\/04\/utr.jpg","type":"","width":"","height":""}],"twitter_card":"summary_large_image","twitter_misc":{"Tempo di lettura stimato":"4 minuti"},"schema":{"@context":"https:\/\/schema.org","@graph":[{"@type":"WebPage","@id":"http:\/\/www.felicedellacorte.com\/","url":"http:\/\/www.felicedellacorte.com\/","name":"- Felice Della Corte","isPartOf":{"@id":"http:\/\/www.felicedellacorte.com\/#website"},"primaryImageOfPage":{"@id":"http:\/\/www.felicedellacorte.com\/#primaryimage"},"image":{"@id":"http:\/\/www.felicedellacorte.com\/#primaryimage"},"thumbnailUrl":"http:\/\/www.felicedellacorte.com\/wp-content\/uploads\/2021\/04\/utr.jpg","datePublished":"2021-04-12T16:58:42+00:00","dateModified":"2024-12-11T22:42:20+00:00","inLanguage":"it-IT","potentialAction":[{"@type":"ReadAction","target":["http:\/\/www.felicedellacorte.com\/"]}]},{"@type":"ImageObject","inLanguage":"it-IT","@id":"http:\/\/www.felicedellacorte.com\/#primaryimage","url":"https:\/\/www.felicedellacorte.com\/wp-content\/uploads\/2021\/04\/utr.jpg","contentUrl":"https:\/\/www.felicedellacorte.com\/wp-content\/uploads\/2021\/04\/utr.jpg","width":960,"height":579},{"@type":"WebSite","@id":"http:\/\/www.felicedellacorte.com\/#website","url":"http:\/\/www.felicedellacorte.com\/","name":"Felice Della Corte","description":"Attore e Regista Teatrale. ","potentialAction":[{"@type":"SearchAction","target":{"@type":"EntryPoint","urlTemplate":"http:\/\/www.felicedellacorte.com\/?s={search_term_string}"},"query-input":{"@type":"PropertyValueSpecification","valueRequired":true,"valueName":"search_term_string"}}],"inLanguage":"it-IT"}]}},"uagb_featured_image_src":{"full":false,"thumbnail":false,"medium":false,"medium_large":false,"large":false,"1536x1536":false,"2048x2048":false,"polite-thumbnail-size":false,"polite-related-size":false,"polite-promo-post":false,"polite-related-post-thumbnails":false},"uagb_author_info":{"display_name":false,"author_link":"https:\/\/www.felicedellacorte.com\/index.php\/author\/davidc\/"},"uagb_comment_info":0,"uagb_excerpt":"Sono nato a Napoli. Nascere in questa citt\u00e0 \u00e8 qualcosa che ti segna: Napoli \u00e8 una citt\u00e0 metafisica, un luogo dell\u2019anima. Un teatro a cielo aperto. Forse \u00e8 per questo che l\u2019amore per il teatro me lo sono trovato addosso quasi senza accorgermene, quando avevo gi\u00e0 avviato la mia vita","_links":{"self":[{"href":"https:\/\/www.felicedellacorte.com\/index.php\/wp-json\/wp\/v2\/pages\/347","targetHints":{"allow":["GET"]}}],"collection":[{"href":"https:\/\/www.felicedellacorte.com\/index.php\/wp-json\/wp\/v2\/pages"}],"about":[{"href":"https:\/\/www.felicedellacorte.com\/index.php\/wp-json\/wp\/v2\/types\/page"}],"author":[{"embeddable":true,"href":"https:\/\/www.felicedellacorte.com\/index.php\/wp-json\/wp\/v2\/users\/1"}],"replies":[{"embeddable":true,"href":"https:\/\/www.felicedellacorte.com\/index.php\/wp-json\/wp\/v2\/comments?post=347"}],"version-history":[{"count":8,"href":"https:\/\/www.felicedellacorte.com\/index.php\/wp-json\/wp\/v2\/pages\/347\/revisions"}],"predecessor-version":[{"id":491,"href":"https:\/\/www.felicedellacorte.com\/index.php\/wp-json\/wp\/v2\/pages\/347\/revisions\/491"}],"wp:attachment":[{"href":"https:\/\/www.felicedellacorte.com\/index.php\/wp-json\/wp\/v2\/media?parent=347"}],"curies":[{"name":"wp","href":"https:\/\/api.w.org\/{rel}","templated":true}]}}